{"id":5669,"date":"2022-05-14T03:43:36","date_gmt":"2022-05-14T06:43:36","guid":{"rendered":"http:\/\/surielementor.com\/bixoswp\/?page_id=2"},"modified":"2023-10-18T18:56:33","modified_gmt":"2023-10-18T21:56:33","slug":"timefirst","status":"publish","type":"page","link":"https:\/\/firsttrademarketing.com.br\/first2023\/timefirst\/","title":{"rendered":"Fa\u00e7a Parte do Time First"},"content":{"rendered":"\t\t<div data-elementor-type=\"wp-page\" data-elementor-id=\"5669\" class=\"elementor elementor-5669\">\n\t\t\t\t\t\t\t<div class=\"elementor-element elementor-element-5ea2aefd e-flex e-con-boxed e-con e-parent\" data-id=\"5ea2aefd\" data-element_type=\"container\" data-settings=\"{&quot;content_width&quot;:&quot;boxed&quot;}\" data-core-v316-plus=\"true\">\n\t\t\t\t\t<div class=\"e-con-inner\">\n\t\t\t\t<div class=\"elementor-element elementor-element-2dc3f5ce elementor-widget elementor-widget-text-editor\" data-id=\"2dc3f5ce\" data-element_type=\"widget\" data-widget_type=\"text-editor.default\">\n\t\t\t\t<div class=\"elementor-widget-container\">\n\t\t\t<style>\/*! elementor - v3.16.0 - 14-09-2023 *\/\n.elementor-widget-text-editor.elementor-drop-cap-view-stacked .elementor-drop-cap{background-color:#69727d;color:#fff}.elementor-widget-text-editor.elementor-drop-cap-view-framed .elementor-drop-cap{color:#69727d;border:3px solid;background-color:transparent}.elementor-widget-text-editor:not(.elementor-drop-cap-view-default) .elementor-drop-cap{margin-top:8px}.elementor-widget-text-editor:not(.elementor-drop-cap-view-default) .elementor-drop-cap-letter{width:1em;height:1em}.elementor-widget-text-editor .elementor-drop-cap{float:left;text-align:center;line-height:1;font-size:50px}.elementor-widget-text-editor .elementor-drop-cap-letter{display:inline-block}<\/style>\t\t\t\t<!-- wp:paragraph -->\n<blockquote class=\"wp-block-quote\">\n<p>Voc\u00ea est\u00e1 interessado em colaborar conosco na First e tornar-se um dos nossos valiosos parceiros no ponto de venda (PDV)? Basta preencher o formul\u00e1rio de inscri\u00e7\u00e3o abaixo, e n\u00f3s entraremos em contato o mais r\u00e1pido poss\u00edvel. Ser\u00e1 uma satisfa\u00e7\u00e3o t\u00ea-lo como um membro essencial da nossa equipe na First.<\/p>\n<\/blockquote>\n<!-- \/wp:paragraph -->\t\t\t\t\t\t<\/div>\n\t\t\t\t<\/div>\n\t\t\t\t<div class=\"elementor-element elementor-element-d2961b0 elementor-widget elementor-widget-text-editor\" data-id=\"d2961b0\" data-element_type=\"widget\" data-widget_type=\"text-editor.default\">\n\t\t\t\t<div class=\"elementor-widget-container\">\n\t\t\t\t\t\t\t<div class=\"forminator-ui forminator-custom-form forminator-custom-form-6038 forminator-design--flat  forminator_ajax\" data-forminator-render=\"0\" data-form=\"forminator-module-6038\" data-uid=\"6a0704cb58ab7\"><br\/><\/div><form\n\t\t\t\tid=\"forminator-module-6038\"\n\t\t\t\tclass=\"forminator-ui forminator-custom-form forminator-custom-form-6038 forminator-design--flat  forminator_ajax\"\n\t\t\t\tmethod=\"post\"\n\t\t\t\tdata-forminator-render=\"0\"\n\t\t\t\tdata-form-id=\"6038\"\n\t\t\t\t\n\t\t\t\tdata-design=\"flat\"\n\t\t\t\t\n\t\t\t\t\n\t\t\t\t\n\t\t\t\tdata-grid=\"open\"\n\t\t\t\tenctype=\"multipart\/form-data\"\n\t\t\t\t\n\t\t\t\tstyle=\"display: none;\"\n\t\t\t\t\n\t\t\t\tdata-uid=\"6a0704cb58ab7\"\n\t\t\t><div role=\"alert\" aria-live=\"polite\" class=\"forminator-response-message forminator-error\" aria-hidden=\"true\"><\/div><div class=\"forminator-row\"><div id=\"name-1\" class=\"forminator-field-name forminator-col forminator-col-12 \"><div class=\"forminator-field\"><label for=\"forminator-field-name-1_6a0704cb58ab7\" class=\"forminator-label\" id=\"forminator-field-name-1_6a0704cb58ab7-label\">Nome <span class=\"forminator-required\">*<\/span><\/label><input type=\"text\" name=\"name-1\" value=\"\" placeholder=\"\" id=\"forminator-field-name-1_6a0704cb58ab7\" class=\"forminator-input forminator-name--field\" aria-required=\"true\" \/><\/div><\/div><\/div><div class=\"forminator-row\"><div id=\"email-1\" class=\"forminator-field-email forminator-col forminator-col-12 \"><div class=\"forminator-field\"><label for=\"forminator-field-email-1_6a0704cb58ab7\" class=\"forminator-label\" id=\"forminator-field-email-1_6a0704cb58ab7-label\">Endere\u00e7o de E-mail <span class=\"forminator-required\">*<\/span><\/label><input type=\"email\" name=\"email-1\" value=\"\" placeholder=\"\" id=\"forminator-field-email-1_6a0704cb58ab7\" class=\"forminator-input forminator-email--field\" data-required=\"1\" aria-required=\"true\" \/><\/div><\/div><\/div><div class=\"forminator-row\"><div id=\"phone-1\" class=\"forminator-field-phone forminator-col forminator-col-12 \"><div class=\"forminator-field\"><label for=\"forminator-field-phone-1_6a0704cb58ab7\" class=\"forminator-label\" id=\"forminator-field-phone-1_6a0704cb58ab7-label\">WhatsApp ou Celular <span class=\"forminator-required\">*<\/span><\/label><input type=\"text\" name=\"phone-1\" value=\"\" placeholder=\"\" id=\"forminator-field-phone-1_6a0704cb58ab7\" class=\"forminator-input forminator-field--phone\" data-required=\"1\" aria-required=\"true\" autocomplete=\"off\" \/><\/div><\/div><\/div><div class=\"forminator-row\"><div id=\"text-1\" class=\"forminator-field-text forminator-col forminator-col-12 \"><div class=\"forminator-field\"><label for=\"forminator-field-text-1_6a0704cb58ab7\" class=\"forminator-label\" id=\"forminator-field-text-1_6a0704cb58ab7-label\">\u00c1rea de Interesse <span class=\"forminator-required\">*<\/span><\/label><input type=\"text\" name=\"text-1\" value=\"\" placeholder=\"Onde voc\u00ea quer trabalhar? Qual o Cargo?\" id=\"forminator-field-text-1_6a0704cb58ab7\" class=\"forminator-input forminator-name--field\" data-required=\"1\" \/><\/div><\/div><\/div><div class=\"forminator-row\"><div id=\"upload-1\" class=\"forminator-field-upload forminator-col forminator-col-12 \"><div class=\"forminator-field\"><label for=\"forminator-field-upload-1_6a0704cb58ab7\" class=\"forminator-label\">Enviar CV <span class=\"forminator-required\">*<\/span><\/label><div class=\"forminator-file-upload \" data-element=\"upload-1_6a0704cb58ab7\" aria-describedby=\"forminator-field-upload-1_6a0704cb58ab7-description\"><input type=\"file\" name=\"upload-1\" id=\"forminator-field-upload-1_6a0704cb58ab7\" class=\"forminator-input-file-required do-validate\" accept=\".jpg,.jpeg,.jpe,.gif,.png,.bmp,.tiff,.tif,.webp,.ico,.heic,.asf,.asx,.wmv,.wmx,.wm,.avi,.divx,.flv,.mov,.qt,.mpeg,.mpg,.mpe,.mp4,.m4v,.ogv,.webm,.mkv,.3gp,.3gpp,.3g2,.3gp2,.txt,.asc,.c,.cc,.h,.srt,.csv,.tsv,.ics,.rtx,.css,.htm,.html,.vtt,.dfxp,.mp3,.m4a,.m4b,.aac,.ra,.ram,.wav,.ogg,.oga,.flac,.mid,.midi,.wma,.wax,.mka,.rtf,.js,.pdf,.class,.tar,.zip,.gz,.gzip,.rar,.7z,.psd,.xcf,.doc,.pot,.pps,.ppt,.wri,.xla,.xls,.xlt,.xlw,.mdb,.mpp,.docx,.docm,.dotx,.dotm,.xlsx,.xlsm,.xlsb,.xltx,.xltm,.xlam,.pptx,.pptm,.ppsx,.ppsm,.potx,.potm,.ppam,.sldx,.sldm,.onetoc,.onetoc2,.onetmp,.onepkg,.oxps,.xps,.odt,.odp,.ods,.odg,.odc,.odb,.odf,.wp,.wpd,.key,.numbers,.pages,.svg\"><button id=\"forminator-field-upload-1_6a0704cb58ab7_button\" class=\"forminator-button forminator-button-upload\" data-id=\"forminator-field-upload-1_6a0704cb58ab7\">Selecione Arquivo<\/button><span data-empty-text=\"Nenhum arquivo selecionado ainda\">Nenhum arquivo selecionado ainda<\/span><button class=\"forminator-button-delete\" style=\"display: none;\"><i class=\"forminator-icon-close\" aria-hidden=\"true\"><\/i><span class=\"forminator-screen-reader-only\">Deletar arquivo enviado<\/span><\/button><\/div><span id=\"forminator-field-upload-1_6a0704cb58ab7-description\" class=\"forminator-description\">Anexe seu CV<\/span><\/div><\/div><\/div><input type=\"hidden\" name=\"referer_url\" value=\"\" \/><div class=\"forminator-row forminator-row-last\"><div class=\"forminator-col\"><div class=\"forminator-field\"><button class=\"forminator-button forminator-button-submit\">Enviar mensagem<\/button><\/div><\/div><\/div><input type=\"hidden\" id=\"forminator_nonce\" name=\"forminator_nonce\" value=\"0421f2ca30\" \/><input type=\"hidden\" name=\"_wp_http_referer\" value=\"\/first2023\/wp-json\/wp\/v2\/pages\/5669\" \/><input type=\"hidden\" name=\"form_id\" value=\"6038\"><input type=\"hidden\" name=\"page_id\" value=\"5669\"><input type=\"hidden\" name=\"form_type\" value=\"default\"><input type=\"hidden\" name=\"current_url\" value=\"https:\/\/firsttrademarketing.com.br\/first2023\/timefirst\/\"><input type=\"hidden\" name=\"render_id\" value=\"0\"><input type=\"hidden\" name=\"action\" value=\"forminator_submit_form_custom-forms\"><\/form>\t\t\t\t\t\t<\/div>\n\t\t\t\t<\/div>\n\t\t\t\t\t<\/div>\n\t\t\t\t<\/div>\n\t\t\t\t\t\t\t<\/div>\n\t\t","protected":false},"excerpt":{"rendered":"<p>Voc\u00ea est\u00e1 interessado em colaborar conosco na First e tornar-se um dos nossos valiosos parceiros no ponto de venda (PDV)? Basta preencher o formul\u00e1rio de inscri\u00e7\u00e3o abaixo, e n\u00f3s entraremos em contato o mais r\u00e1pido poss\u00edvel. Ser\u00e1 uma satisfa\u00e7\u00e3o t\u00ea-lo como um membro essencial da nossa equipe [&hellip;]<\/p>\n","protected":false},"author":1,"featured_media":0,"parent":0,"menu_order":0,"comment_status":"closed","ping_status":"closed","template":"","meta":{"footnotes":""},"class_list":["post-5669","page","type-page","status-publish","hentry"],"_links":{"self":[{"href":"https:\/\/firsttrademarketing.com.br\/first2023\/wp-json\/wp\/v2\/pages\/5669","targetHints":{"allow":["GET"]}}],"collection":[{"href":"https:\/\/firsttrademarketing.com.br\/first2023\/wp-json\/wp\/v2\/pages"}],"about":[{"href":"https:\/\/firsttrademarketing.com.br\/first2023\/wp-json\/wp\/v2\/types\/page"}],"author":[{"embeddable":true,"href":"https:\/\/firsttrademarketing.com.br\/first2023\/wp-json\/wp\/v2\/users\/1"}],"replies":[{"embeddable":true,"href":"https:\/\/firsttrademarketing.com.br\/first2023\/wp-json\/wp\/v2\/comments?post=5669"}],"version-history":[{"count":18,"href":"https:\/\/firsttrademarketing.com.br\/first2023\/wp-json\/wp\/v2\/pages\/5669\/revisions"}],"predecessor-version":[{"id":6041,"href":"https:\/\/firsttrademarketing.com.br\/first2023\/wp-json\/wp\/v2\/pages\/5669\/revisions\/6041"}],"wp:attachment":[{"href":"https:\/\/firsttrademarketing.com.br\/first2023\/wp-json\/wp\/v2\/media?parent=5669"}],"curies":[{"name":"wp","href":"https:\/\/api.w.org\/{rel}","templated":true}]}}