{"id":6072,"date":"2025-03-31T16:42:21","date_gmt":"2025-03-31T19:42:21","guid":{"rendered":"https:\/\/firsttrademarketing.com.br\/first2023\/?page_id=6072"},"modified":"2025-09-30T10:36:46","modified_gmt":"2025-09-30T13:36:46","slug":"relatorio-de-transparencia-e-igualdade-salarial-de-mulheres-e-homens","status":"publish","type":"page","link":"https:\/\/firsttrademarketing.com.br\/first2023\/relatorio-de-transparencia-e-igualdade-salarial-de-mulheres-e-homens\/","title":{"rendered":"Relat\u00f3rio de Transpar\u00eancia e Igualdade Salarial de Mulheres e Homens"},"content":{"rendered":"\t\t<div data-elementor-type=\"wp-page\" data-elementor-id=\"6072\" class=\"elementor elementor-6072\">\n\t\t\t\t\t\t\t\t\t<section class=\"elementor-section elementor-inner-section elementor-element elementor-element-b764671 elementor-section-boxed elementor-section-height-default elementor-section-height-default\" data-id=\"b764671\" data-element_type=\"section\">\n\t\t\t\t\t\t<div class=\"elementor-container elementor-column-gap-no\">\n\t\t\t\t\t<div class=\"elementor-column elementor-col-50 elementor-inner-column elementor-element elementor-element-4fd8ce6\" data-id=\"4fd8ce6\" data-element_type=\"column\">\n\t\t\t<div class=\"elementor-widget-wrap elementor-element-populated\">\n\t\t\t\t\t\t\t\t<div class=\"elementor-element elementor-element-0353ac1 elementor-widget elementor-widget-image\" data-id=\"0353ac1\" data-element_type=\"widget\" data-widget_type=\"image.default\">\n\t\t\t\t<div class=\"elementor-widget-container\">\n\t\t\t<style>\/*! elementor - v3.16.0 - 14-09-2023 *\/\n.elementor-widget-image{text-align:center}.elementor-widget-image a{display:inline-block}.elementor-widget-image a img[src$=\".svg\"]{width:48px}.elementor-widget-image img{vertical-align:middle;display:inline-block}<\/style>\t\t\t\t\t\t\t\t\t\t\t\t<img loading=\"lazy\" decoding=\"async\" width=\"470\" height=\"570\" src=\"https:\/\/firsttrademarketing.com.br\/first2023\/wp-content\/uploads\/2022\/03\/know-us-1-3.jpg\" class=\"attachment-full size-full wp-image-911\" alt=\"\" srcset=\"https:\/\/firsttrademarketing.com.br\/first2023\/wp-content\/uploads\/2022\/03\/know-us-1-3.jpg 470w, https:\/\/firsttrademarketing.com.br\/first2023\/wp-content\/uploads\/2022\/03\/know-us-1-3-247x300.jpg 247w\" sizes=\"auto, (max-width: 470px) 100vw, 470px\" \/>\t\t\t\t\t\t\t\t\t\t\t\t\t\t\t<\/div>\n\t\t\t\t<\/div>\n\t\t\t\t<div class=\"elementor-element elementor-element-e08540b elementor-widget__width-initial elementor-absolute elementor-hidden-mobile elementor-widget elementor-widget-spacer\" data-id=\"e08540b\" data-element_type=\"widget\" data-settings=\"{&quot;_position&quot;:&quot;absolute&quot;}\" data-widget_type=\"spacer.default\">\n\t\t\t\t<div class=\"elementor-widget-container\">\n\t\t\t<style>\/*! elementor - v3.16.0 - 14-09-2023 *\/\n.elementor-column .elementor-spacer-inner{height:var(--spacer-size)}.e-con{--container-widget-width:100%}.e-con-inner>.elementor-widget-spacer,.e-con>.elementor-widget-spacer{width:var(--container-widget-width,var(--spacer-size));--align-self:var(--container-widget-align-self,initial);--flex-shrink:0}.e-con-inner>.elementor-widget-spacer>.elementor-widget-container,.e-con>.elementor-widget-spacer>.elementor-widget-container{height:100%;width:100%}.e-con-inner>.elementor-widget-spacer>.elementor-widget-container>.elementor-spacer,.e-con>.elementor-widget-spacer>.elementor-widget-container>.elementor-spacer{height:100%}.e-con-inner>.elementor-widget-spacer>.elementor-widget-container>.elementor-spacer>.elementor-spacer-inner,.e-con>.elementor-widget-spacer>.elementor-widget-container>.elementor-spacer>.elementor-spacer-inner{height:var(--container-widget-height,var(--spacer-size))}.e-con-inner>.elementor-widget-spacer.elementor-widget-empty,.e-con>.elementor-widget-spacer.elementor-widget-empty{position:relative;min-height:22px;min-width:22px}.e-con-inner>.elementor-widget-spacer.elementor-widget-empty .elementor-widget-empty-icon,.e-con>.elementor-widget-spacer.elementor-widget-empty .elementor-widget-empty-icon{position:absolute;top:0;bottom:0;left:0;right:0;margin:auto;padding:0;width:22px;height:22px}<\/style>\t\t<div class=\"elementor-spacer\">\n\t\t\t<div class=\"elementor-spacer-inner\"><\/div>\n\t\t<\/div>\n\t\t\t\t<\/div>\n\t\t\t\t<\/div>\n\t\t\t\t\t<\/div>\n\t\t<\/div>\n\t\t\t\t<div class=\"elementor-column elementor-col-50 elementor-inner-column elementor-element elementor-element-cb9dfd4\" data-id=\"cb9dfd4\" data-element_type=\"column\">\n\t\t\t<div class=\"elementor-widget-wrap elementor-element-populated\">\n\t\t\t\t\t\t\t\t<div class=\"elementor-element elementor-element-1db9e58 elementor-widget elementor-widget-tf-title-section\" data-id=\"1db9e58\" data-element_type=\"widget\" data-widget_type=\"tf-title-section.default\">\n\t\t\t\t<div class=\"elementor-widget-container\">\n\t\t\t<div id=\"tf-title-section-1db9e58\" class=\"tf-title-section no_line\" data-tabid=\"1db9e58\"> \r\n\t\t\t\t\r\n\t\t\t<div class=\"title-section\">\r\n\t\t\t\t<h6 class=\"heading\">Relat\u00f3rio de Transpar\u00eancia e Igualdade Salarial de Mulheres e Homens <\/h6>\r\n\t\t\t\t<div class=\"sub-title\"><p>TRANSPAR\u00caNCIA QUE <a>FORTALECE<\/a> A CONFIAN\u00c7A.<\/p><\/div>\r\n\t\t\t<\/div>                \r\n            <\/div>\t\t<\/div>\n\t\t\t\t<\/div>\n\t\t\t\t<div class=\"elementor-element elementor-element-7412172 elementor-widget elementor-widget-text-editor\" data-id=\"7412172\" data-element_type=\"widget\" data-widget_type=\"text-editor.default\">\n\t\t\t\t<div class=\"elementor-widget-container\">\n\t\t\t<style>\/*! elementor - v3.16.0 - 14-09-2023 *\/\n.elementor-widget-text-editor.elementor-drop-cap-view-stacked .elementor-drop-cap{background-color:#69727d;color:#fff}.elementor-widget-text-editor.elementor-drop-cap-view-framed .elementor-drop-cap{color:#69727d;border:3px solid;background-color:transparent}.elementor-widget-text-editor:not(.elementor-drop-cap-view-default) .elementor-drop-cap{margin-top:8px}.elementor-widget-text-editor:not(.elementor-drop-cap-view-default) .elementor-drop-cap-letter{width:1em;height:1em}.elementor-widget-text-editor .elementor-drop-cap{float:left;text-align:center;line-height:1;font-size:50px}.elementor-widget-text-editor .elementor-drop-cap-letter{display:inline-block}<\/style>\t\t\t\tNosso compromisso \u00e9 com um ambiente de trabalho mais justo, diverso e equitativo. E isso come\u00e7a com a clareza nas informa\u00e7\u00f5es e o acesso facilitado a todos os dados relevantes.ia.<\/p>\t\t\t\t\t\t<\/div>\n\t\t\t\t<\/div>\n\t\t\t\t<div class=\"elementor-element elementor-element-955db57 elementor-widget elementor-widget-text-editor\" data-id=\"955db57\" data-element_type=\"widget\" data-widget_type=\"text-editor.default\">\n\t\t\t\t<div class=\"elementor-widget-container\">\n\t\t\t\t\t\t\t<p>Na First Trade Marketing, acreditamos que rela\u00e7\u00f5es s\u00f3lidas s\u00e3o constru\u00eddas com base na transpar\u00eancia e no respeito. Por isso, alinhados \u00e0 Lei n\u00ba 14.611\/2023 \u2014 que estabelece diretrizes para a igualdade salarial e crit\u00e9rios remunerat\u00f3rios entre mulheres e homens \u2014, tornamos p\u00fablico nosso Relat\u00f3rio de Transpar\u00eancia Salarial.<\/p>\t\t\t\t\t\t<\/div>\n\t\t\t\t<\/div>\n\t\t\t\t<div class=\"elementor-element elementor-element-1c6a090 elementor-widget elementor-widget-button\" data-id=\"1c6a090\" data-element_type=\"widget\" data-widget_type=\"button.default\">\n\t\t\t\t<div class=\"elementor-widget-container\">\n\t\t\t\t\t<div class=\"elementor-button-wrapper\">\n\t\t\t<a class=\"elementor-button elementor-button-link elementor-size-lg\" href=\"http:\/\/firsttrademarketing.com.br\/first2023\/wp-content\/uploads\/2025\/09\/RelatorioIgualdadeSalarialLote_2025_2_29875335000135.pdf\">\n\t\t\t\t\t\t<span class=\"elementor-button-content-wrapper\">\n\t\t\t\t\t\t<span class=\"elementor-button-text\">Acesse o relat\u00f3rio em PDF<\/span>\n\t\t<\/span>\n\t\t\t\t\t<\/a>\n\t\t<\/div>\n\t\t\t\t<\/div>\n\t\t\t\t<\/div>\n\t\t\t\t\t<\/div>\n\t\t<\/div>\n\t\t\t\t\t\t\t<\/div>\n\t\t<\/section>\n\t\t\t\t\t\t\t<\/div>\n\t\t","protected":false},"excerpt":{"rendered":"<p>Relat\u00f3rio de Transpar\u00eancia e Igualdade Salarial de Mulheres e Homens TRANSPAR\u00caNCIA QUE FORTALECE A CONFIAN\u00c7A. Nosso compromisso \u00e9 com um ambiente de trabalho mais justo, diverso e equitativo. E isso come\u00e7a com a clareza nas informa\u00e7\u00f5es e o acesso facilitado a todos os dados relevantes.ia. Na First [&hellip;]<\/p>\n","protected":false},"author":1,"featured_media":0,"parent":0,"menu_order":0,"comment_status":"closed","ping_status":"closed","template":"","meta":{"footnotes":""},"class_list":["post-6072","page","type-page","status-publish","hentry"],"_links":{"self":[{"href":"https:\/\/firsttrademarketing.com.br\/first2023\/wp-json\/wp\/v2\/pages\/6072","targetHints":{"allow":["GET"]}}],"collection":[{"href":"https:\/\/firsttrademarketing.com.br\/first2023\/wp-json\/wp\/v2\/pages"}],"about":[{"href":"https:\/\/firsttrademarketing.com.br\/first2023\/wp-json\/wp\/v2\/types\/page"}],"author":[{"embeddable":true,"href":"https:\/\/firsttrademarketing.com.br\/first2023\/wp-json\/wp\/v2\/users\/1"}],"replies":[{"embeddable":true,"href":"https:\/\/firsttrademarketing.com.br\/first2023\/wp-json\/wp\/v2\/comments?post=6072"}],"version-history":[{"count":13,"href":"https:\/\/firsttrademarketing.com.br\/first2023\/wp-json\/wp\/v2\/pages\/6072\/revisions"}],"predecessor-version":[{"id":6287,"href":"https:\/\/firsttrademarketing.com.br\/first2023\/wp-json\/wp\/v2\/pages\/6072\/revisions\/6287"}],"wp:attachment":[{"href":"https:\/\/firsttrademarketing.com.br\/first2023\/wp-json\/wp\/v2\/media?parent=6072"}],"curies":[{"name":"wp","href":"https:\/\/api.w.org\/{rel}","templated":true}]}}